{"id":317,"date":"2020-03-17T16:01:53","date_gmt":"2020-03-17T16:01:53","guid":{"rendered":"https:\/\/delcreda-china.com\/en\/?page_id=317"},"modified":"2020-03-17T16:01:53","modified_gmt":"2020-03-17T16:01:53","slug":"impressum","status":"publish","type":"page","link":"https:\/\/delcreda-china.com\/en\/impressum\/","title":{"rendered":"Impressum"},"content":{"rendered":"<h2><span lang=\"de-DE\">B\u00dcRO Moskau<\/span><\/h2>\n<p><span lang=\"de-DE\">OOO Delcreda<\/span><\/p>\n<p><span lang=\"de-DE\">Pyatnitskaya 18 bld. 3<\/span><\/p>\n<p><span lang=\"de-DE\">115035 Moscow, Russian Federation<\/span><\/p>\n<p><span lang=\"de-DE\">Fone: +7 (495) 271 96 78\u00a0ext. 1005<\/span><\/p>\n<p><span lang=\"de-DE\">E-Mail\u00a0<\/span><span id=\"cloaka6232158acb2a2f1da68b37ed9b27637\"><a href=\"mailto:info@credit-team.de\"><span lang=\"de-DE\">info@delcreda.com<\/span><\/a><\/span><\/p>\n<p><span lang=\"de-DE\">Sitz der Gesellschaften<\/span><\/p>\n<p><span lang=\"de-DE\">Moskau<\/span><\/p>\n<p><span lang=\"de-DE\">B\u00fcro Mainz<\/span><\/p>\n<p><span lang=\"de-DE\">Delcreda GmbH<br \/>\n<\/span><\/p>\n<p>Wilhelm-Theodor-R\u00f6mheld-Str. 14,<\/p>\n<p>55130\u00a0Mainz<\/p>\n<p><span lang=\"de-DE\"><br \/>\nFon +49 (0) 6131 588 1360<br \/>\nE-Mail\u00a0<\/span><span id=\"cloakc7091df66077c11b221bbed736fb82ad\"><a href=\"mailto:info@credit-team.de\"><span lang=\"de-DE\">info@delcreda.com<\/span><\/a><\/span><\/p>\n<p><span lang=\"de-DE\">SITZ DER GESELLSCHAFT<\/span><\/p>\n<p><span lang=\"de-DE\">Mainz<\/span><\/p>\n<p><span lang=\"de-DE\">REGISTERGERICHT<\/span><\/p>\n<p><span lang=\"de-DE\">Amtsgericht Mainz, HRB 44739<\/span><\/p>\n<p><span lang=\"de-DE\">INHALTLICH VERANTWORTLICHER GEM\u00c4SS \u00a7 10 ABSATZ 3 MD<\/span><\/p>\n<p><span lang=\"de-DE\">Thomas B\u00f6linger<\/span><\/p>\n<p><span lang=\"de-DE\">RECHTLICHE HINWEISE<\/span><\/p>\n<p><span lang=\"de-DE\">Die Nutzung des Internetangebotes der Delcreda GmbH, der OOO Delcreda unterliegt den folgenden Bestimmungen, mit denen Sie sich durch Zugriff auf diese Webseiten einverstanden erkl\u00e4ren:<\/span><\/p>\n<p><span lang=\"de-DE\">URHEBERRECHT<\/span><\/p>\n<p><span lang=\"de-DE\">Diese Webseiten dienen der Information \u00fcber die Delcreda Gruppe und ihren Produkten. Die Texte, Bilder, Grafiken und das Layout sowie die gesamte graphische Gestaltung dieser Seiten sind urheberrechtlich gesch\u00fctzt.<br \/>\nS\u00e4mtlicher Inhalt der Seiten darf nicht zu kommerziellen Zwecken kopiert, verbreitet oder ver\u00e4ndert werden. Der Download sowie der Ausdruck von Texten, Bildern und graphischen Elementen ist nur zum pers\u00f6nlichen, privaten und nicht kommerziellen Gebrauch gestattet. Eine Vervielf\u00e4ltigung von Grafiken, Bildern, Tondokumenten, Videosequenzen und Texten in anderen elektronischen oder gedruckten Publikationen ist nur nach schriftlicher Zustimmung der betreffenden Delcreda Gesellschaft zul\u00e4ssig.<\/span><\/p>\n<p><span lang=\"de-DE\">HAFTUNGSAUSSCHLUSS F\u00dcR INFORMATIONEN<\/span><\/p>\n<p><span lang=\"de-DE\">Die Inhalte dieser Webseiten dienen lediglich allgemeinen Informationszwecken. Auch wenn alle Angaben auf Ihre Richtigkeit und Vollst\u00e4ndigkeit gepr\u00fcft wurden, k\u00f6nnen diese trotzdem einmal Fehler oder Ungenauigkeiten enthalten. Die Delcreda GmbH, OOO Delcreda \u00fcbernehmen deshalb hinsichtlich der Richtigkeit, Vollst\u00e4ndigkeit und Aktualit\u00e4t ihrer Webseiten keine Haftung f\u00fcr Sch\u00e4den materieller oder ideeller Art, die durch die Nutzung fehlerhafter oder unvollst\u00e4ndiger Informationen innerhalb dieses Internetangebotes entstehen. Die Delcreda GmbH, OOO Delcreda behalten sich ausdr\u00fccklich vor, Teile der Seiten oder das gesamte Angebot ohne gesonderte Ank\u00fcndigung zu ver\u00e4ndern, zu erg\u00e4nzen, zu l\u00f6schen oder die Ver\u00f6ffentlichung zeitweise oder endg\u00fcltig einzustellen.<\/span><\/p>\n<p><span lang=\"de-DE\">HAFTUNGSAUSSCHLUSS F\u00dcR LINKS<\/span><\/p>\n<p><span lang=\"de-DE\">Die Delcreda GmbH, OOO Delcreda \u00fcbernehmen keine Verantwortung f\u00fcr die Inhalte von Websites, die \u00fcber Links dieses Internetangebotes erreicht werden.<\/span><\/p>\n<p><span lang=\"de-DE\">DATENSCHUTZ<\/span><\/p>\n<p><span lang=\"de-DE\">Sofern innerhalb des Internetangebots der Delcreda GmbH, OOO Delcreda die M\u00f6glichkeit zur Eingabe pers\u00f6nlicher oder gesch\u00e4ftlicher Daten besteht, erfolgt diese Angabe der Daten durch den Nutzer auf ausdr\u00fccklich freiwilliger Basis. Delcreda GmbH, OOO Delcreda erkl\u00e4ren ausdr\u00fccklich, dass diese Daten nur zu dem angegebenen Zweck verwendet und nicht an Dritte weitergegeben werden. Alle Angaben werden gem\u00e4\u00df den geltenden datenschutzrechtlichen Bestimmungen vertraulich behandelt.<\/span><\/p>\n<p><span lang=\"de-DE\">Informationspflichten nach \u00a7 11 Vermittlerverordnung<\/span><\/p>\n<p><span lang=\"de-DE\">Status:<br \/>\n<\/span><span lang=\"de-DE\">Unabh\u00e4ngiger Versicherungsmakler mit einer Erlaubnis \u00a7 34 d<br \/>\nAbs. 1 Gewerbeordnung (Versicherungsmakler) und der<\/span><\/p>\n<p><span lang=\"de-DE\">Registernummer:. (D-2G8O-AI4I7-62)<\/span><\/p>\n<p><span lang=\"de-DE\">Die Daten k\u00f6nnen \u00fcberpr\u00fcft werden:<\/span><\/p>\n<p><span lang=\"de-DE\">Deutscher Industrie- und Handelskammertag (DIHT) e.V.<br \/>\nBreite Stra\u00dfe 29<br \/>\n10178 Berlin<br \/>\nTelefon 0180-500-585-0 (14 Cent\/Min.)<br \/>\nwww.vermittlerregister.info<\/span><\/p>\n<p><span lang=\"de-DE\">Anschrift der Schlichtungsstelle:<br \/>\n<\/span><span lang=\"de-DE\">Versicherungsombudsmann<br \/>\nPostfach 08 06 32<br \/>\n10006 Berlin<\/span><\/p>\n<p><span lang=\"de-DE\">Zust\u00e4ndige Erlaubnisbeh\u00f6rde:<br \/>\n<\/span><span lang=\"de-DE\">IHK Rheinhessen<br \/>\nSchillerplatz 7<br \/>\n55116 Mainz<br \/>\nTel. +49 6131 262 0<br \/>\nFax +49 6131 262 1113<br \/>\nE-Mail:\u00a0<\/span><span id=\"cloakf99c6a58b96342e3e286bff70da8131f\"><a href=\"mailto:service@hk24.de\"><span lang=\"de-DE\">service@rheinhessen.ihk24.de<\/span><\/a><\/span><\/p>\n","protected":false},"excerpt":{"rendered":"<p>B\u00dcRO Moskau OOO Delcreda Pyatnitskaya 18 bld. 3 115035 Moscow, Russian Federation Fone: +7 (495) 271 96 78\u00a0ext. 1005 E-Mail\u00a0info@delcreda.com Sitz der Gesellschaften Moskau B\u00fcro&hellip;<\/p>\n","protected":false},"author":1,"featured_media":0,"parent":0,"menu_order":0,"comment_status":"closed","ping_status":"closed","template":"","meta":{"footnotes":""},"class_list":["post-317","page","type-page","status-publish","hentry"],"yoast_head":"<!-- This site is optimized with the Yoast SEO plugin v26.4 - https:\/\/yoast.com\/wordpress\/plugins\/seo\/ -->\n<title>Impressum &#060; DELCREDA<\/title>\n<meta name=\"robots\" content=\"index, follow, max-snippet:-1, max-image-preview:large, max-video-preview:-1\" \/>\n<link rel=\"canonical\" href=\"https:\/\/delcreda-china.com\/en\/impressum\/\" \/>\n<meta property=\"og:locale\" content=\"en_US\" \/>\n<meta property=\"og:type\" content=\"article\" \/>\n<meta property=\"og:title\" content=\"Impressum &#060; DELCREDA\" \/>\n<meta property=\"og:description\" content=\"B\u00dcRO Moskau OOO Delcreda Pyatnitskaya 18 bld. 3 115035 Moscow, Russian Federation Fone: +7 (495) 271 96 78\u00a0ext. 1005 E-Mail\u00a0info@delcreda.com Sitz der Gesellschaften Moskau B\u00fcro&hellip;\" \/>\n<meta property=\"og:url\" content=\"https:\/\/delcreda-china.com\/en\/impressum\/\" \/>\n<meta property=\"og:site_name\" content=\"DELCREDA\" \/>\n<meta name=\"twitter:card\" content=\"summary_large_image\" \/>\n<meta name=\"twitter:label1\" content=\"Est. reading time\" \/>\n\t<meta name=\"twitter:data1\" content=\"2 minutes\" \/>\n<script type=\"application\/ld+json\" class=\"yoast-schema-graph\">{\"@context\":\"https:\/\/schema.org\",\"@graph\":[{\"@type\":\"WebPage\",\"@id\":\"https:\/\/delcreda-china.com\/en\/impressum\/\",\"url\":\"https:\/\/delcreda-china.com\/en\/impressum\/\",\"name\":\"Impressum &#060; DELCREDA\",\"isPartOf\":{\"@id\":\"https:\/\/delcreda-china.com\/en\/#website\"},\"datePublished\":\"2020-03-17T16:01:53+00:00\",\"breadcrumb\":{\"@id\":\"https:\/\/delcreda-china.com\/en\/impressum\/#breadcrumb\"},\"inLanguage\":\"en-US\",\"potentialAction\":[{\"@type\":\"ReadAction\",\"target\":[\"https:\/\/delcreda-china.com\/en\/impressum\/\"]}]},{\"@type\":\"BreadcrumbList\",\"@id\":\"https:\/\/delcreda-china.com\/en\/impressum\/#breadcrumb\",\"itemListElement\":[{\"@type\":\"ListItem\",\"position\":1,\"name\":\"Home\",\"item\":\"https:\/\/delcreda-china.com\/en\/\"},{\"@type\":\"ListItem\",\"position\":2,\"name\":\"Impressum\"}]},{\"@type\":\"WebSite\",\"@id\":\"https:\/\/delcreda-china.com\/en\/#website\",\"url\":\"https:\/\/delcreda-china.com\/en\/\",\"name\":\"DELCREDA\",\"description\":\"China\",\"publisher\":{\"@id\":\"https:\/\/delcreda-china.com\/en\/#organization\"},\"potentialAction\":[{\"@type\":\"SearchAction\",\"target\":{\"@type\":\"EntryPoint\",\"urlTemplate\":\"https:\/\/delcreda-china.com\/en\/?s={search_term_string}\"},\"query-input\":{\"@type\":\"PropertyValueSpecification\",\"valueRequired\":true,\"valueName\":\"search_term_string\"}}],\"inLanguage\":\"en-US\"},{\"@type\":\"Organization\",\"@id\":\"https:\/\/delcreda-china.com\/en\/#organization\",\"name\":\"DELCREDA North America\",\"url\":\"https:\/\/delcreda-china.com\/en\/\",\"logo\":{\"@type\":\"ImageObject\",\"inLanguage\":\"en-US\",\"@id\":\"https:\/\/delcreda-china.com\/en\/#\/schema\/logo\/image\/\",\"url\":\"https:\/\/delcreda-china.com\/en\/wp-content\/uploads\/2018\/09\/Logo-blau.jpg\",\"contentUrl\":\"https:\/\/delcreda-china.com\/en\/wp-content\/uploads\/2018\/09\/Logo-blau.jpg\",\"width\":666,\"height\":140,\"caption\":\"DELCREDA North America\"},\"image\":{\"@id\":\"https:\/\/delcreda-china.com\/en\/#\/schema\/logo\/image\/\"}}]}<\/script>\n<!-- \/ Yoast SEO plugin. -->","yoast_head_json":{"title":"Impressum &#060; DELCREDA","robots":{"index":"index","follow":"follow","max-snippet":"max-snippet:-1","max-image-preview":"max-image-preview:large","max-video-preview":"max-video-preview:-1"},"canonical":"https:\/\/delcreda-china.com\/en\/impressum\/","og_locale":"en_US","og_type":"article","og_title":"Impressum &#060; DELCREDA","og_description":"B\u00dcRO Moskau OOO Delcreda Pyatnitskaya 18 bld. 3 115035 Moscow, Russian Federation Fone: +7 (495) 271 96 78\u00a0ext. 1005 E-Mail\u00a0info@delcreda.com Sitz der Gesellschaften Moskau B\u00fcro&hellip;","og_url":"https:\/\/delcreda-china.com\/en\/impressum\/","og_site_name":"DELCREDA","twitter_card":"summary_large_image","twitter_misc":{"Est. reading time":"2 minutes"},"schema":{"@context":"https:\/\/schema.org","@graph":[{"@type":"WebPage","@id":"https:\/\/delcreda-china.com\/en\/impressum\/","url":"https:\/\/delcreda-china.com\/en\/impressum\/","name":"Impressum &#060; DELCREDA","isPartOf":{"@id":"https:\/\/delcreda-china.com\/en\/#website"},"datePublished":"2020-03-17T16:01:53+00:00","breadcrumb":{"@id":"https:\/\/delcreda-china.com\/en\/impressum\/#breadcrumb"},"inLanguage":"en-US","potentialAction":[{"@type":"ReadAction","target":["https:\/\/delcreda-china.com\/en\/impressum\/"]}]},{"@type":"BreadcrumbList","@id":"https:\/\/delcreda-china.com\/en\/impressum\/#breadcrumb","itemListElement":[{"@type":"ListItem","position":1,"name":"Home","item":"https:\/\/delcreda-china.com\/en\/"},{"@type":"ListItem","position":2,"name":"Impressum"}]},{"@type":"WebSite","@id":"https:\/\/delcreda-china.com\/en\/#website","url":"https:\/\/delcreda-china.com\/en\/","name":"DELCREDA","description":"China","publisher":{"@id":"https:\/\/delcreda-china.com\/en\/#organization"},"potentialAction":[{"@type":"SearchAction","target":{"@type":"EntryPoint","urlTemplate":"https:\/\/delcreda-china.com\/en\/?s={search_term_string}"},"query-input":{"@type":"PropertyValueSpecification","valueRequired":true,"valueName":"search_term_string"}}],"inLanguage":"en-US"},{"@type":"Organization","@id":"https:\/\/delcreda-china.com\/en\/#organization","name":"DELCREDA North America","url":"https:\/\/delcreda-china.com\/en\/","logo":{"@type":"ImageObject","inLanguage":"en-US","@id":"https:\/\/delcreda-china.com\/en\/#\/schema\/logo\/image\/","url":"https:\/\/delcreda-china.com\/en\/wp-content\/uploads\/2018\/09\/Logo-blau.jpg","contentUrl":"https:\/\/delcreda-china.com\/en\/wp-content\/uploads\/2018\/09\/Logo-blau.jpg","width":666,"height":140,"caption":"DELCREDA North America"},"image":{"@id":"https:\/\/delcreda-china.com\/en\/#\/schema\/logo\/image\/"}}]}},"_links":{"self":[{"href":"https:\/\/delcreda-china.com\/en\/wp-json\/wp\/v2\/pages\/317","targetHints":{"allow":["GET"]}}],"collection":[{"href":"https:\/\/delcreda-china.com\/en\/wp-json\/wp\/v2\/pages"}],"about":[{"href":"https:\/\/delcreda-china.com\/en\/wp-json\/wp\/v2\/types\/page"}],"author":[{"embeddable":true,"href":"https:\/\/delcreda-china.com\/en\/wp-json\/wp\/v2\/users\/1"}],"replies":[{"embeddable":true,"href":"https:\/\/delcreda-china.com\/en\/wp-json\/wp\/v2\/comments?post=317"}],"version-history":[{"count":1,"href":"https:\/\/delcreda-china.com\/en\/wp-json\/wp\/v2\/pages\/317\/revisions"}],"predecessor-version":[{"id":318,"href":"https:\/\/delcreda-china.com\/en\/wp-json\/wp\/v2\/pages\/317\/revisions\/318"}],"wp:attachment":[{"href":"https:\/\/delcreda-china.com\/en\/wp-json\/wp\/v2\/media?parent=317"}],"curies":[{"name":"wp","href":"https:\/\/api.w.org\/{rel}","templated":true}]}}